{"id":800,"date":"2019-07-02T20:31:51","date_gmt":"2019-07-02T18:31:51","guid":{"rendered":"https:\/\/pointreef.de\/?page_id=800"},"modified":"2025-08-08T14:24:38","modified_gmt":"2025-08-08T12:24:38","slug":"team","status":"publish","type":"page","link":"https:\/\/pointreef.de\/en\/unternehmen\/team\/","title":{"rendered":"Team"},"content":{"rendered":"\n<p>Das Team hinter pointreef: Unser Team ist so vielseitig wie unsere Leistungen. Software-Entwickler, Ingenieur, Architekt oder Game-Designer &#8211; bei uns laufen die F\u00e4den zusammen damit f\u00fcr Ihr Projekt am Ende das optimale Endprodukt herauskommt.<\/p>\n\n\n\n<h1 class=\"wp-block-heading\">TEAM<\/h1>\n\n\n\n<p>center<br>center<br>no-repeat;left top;;<br>auto<\/p>\n\n\n\n<p><\/p>\n\n\n\n<p>default<\/p>\n\n\n\n<p><\/p>\n\n\n\n<h1 class=\"wp-block-heading\">TEAM<\/h1>\n\n\n\n<p>center<br>center<br>no-repeat;left top;;<br>auto<\/p>\n\n\n\n<p><\/p>\n\n\n\n<h2 class=\"wp-block-heading\">pointreef &#8211; mehr als nur ein Team<\/h2>\n\n\n\n<p>center<br>center<br>no-repeat;left top;;<br>auto<\/p>\n\n\n\n<p>30<br>default<\/p>\n\n\n\n<p><\/p>\n\n\n\n<h5 class=\"wp-block-heading\">ein Team &#8211; eine Vision &#8211; eine Leidenschaft<\/h5>\n\n\n\n<p>line<\/p>\n\n\n\n<p><\/p>\n\n\n\n<h3 class=\"wp-block-heading\">Leidenschaft f\u00fcr die Vision<\/h3>\n\n\n\n<p>Die Begeisterung f\u00fcr die 3D-Scantechnologie und die einzigartigen M\u00f6glichkeiten, die sich damit er\u00f6ffnen war der Grundstein von pointreef. Die drei Gr\u00fcnder Amanda, Marc und Robert studierten gemeinsam an der Hochschule D\u00fcsseldorf und teilten schon fr\u00fch die Liebe f\u00fcr digitales 3D. Aus dem Studium heraus starteten Sie die Idee pointreef zu gr\u00fcnden. Was zun\u00e4chst nebenberuflich begann sollte aber schnell keine Nebensache mehr sein. Die Leidenschaft f\u00fcr die eigene Firma bleibt bis heute &#8211; nur das Team ist inzwischen gr\u00f6\u00dfer.\n<br><\/p>\n\n\n\n<h3 class=\"wp-block-heading\">Ein Team, viele Kompetenzen<\/h3>\n\n\n\n<p>Unser Team ist so vielseitig wie unsere Leistungen. Software-Entwickler, Ingenieur, Architekt oder Game-Designer &#8211; bei uns laufen die F\u00e4den zusammen damit f\u00fcr Ihr Projekt am Ende das optimale Endprodukt herauskommt. Dabei steht bei uns das Arbeiten miteinander im Vordergrund. Interdisziplin\u00e4re Projekte stehen auf der Tagesordnung und fordern ein hohes Ma\u00df an Teamwork und Disziplin. Um jederzeit agil auf Projektanfragen reagieren zu k\u00f6nnen arbeiten wir neben unserem Kernteam zus\u00e4tzlich eng mit unseren Partnern aus den verschiedenen Bereichen zusammen. <br>justify<br>left<br>no-repeat;left top;;<br>auto<\/p>\n\n\n\n<p>100<br>default<\/p>\n\n\n\n<p>150<br>default<br>narrow<\/p>\n\n\n\n<p><\/p>\n\n\n\n<h2 class=\"wp-block-heading\">Wir sind f\u00fcr Sie da<\/h2>\n\n\n\n<p>center<br>center<br>no-repeat;left top;;<br>auto<\/p>\n\n\n\n<p>100<br>default<\/p>\n\n\n\n<p><\/p>\n\n\n\n<figure class=\"wp-block-image\"><img decoding=\"async\" src=\"https:\/\/pointreef.de\/wp-content\/uploads\/2019\/06\/Amanda_256.png\" alt=\"Team Pointreef Amanda Acebey Torrejon Gesch\u00e4ftsf\u00fchrerin\"\/><\/figure>\n\n\n\n<p>Amanda Acebey-Torrejon<br>Co-Founder &amp; Managing Partner<br>+49 211 989 05 001<br>Head of\n<br>Interne Organisation | Finanzen | HR<br>amanda.acebey@pointreef.de<br>https:\/\/de.linkedin.com\/in\/amanda-acebey-74889a79<br>vertical<\/p>\n\n\n\n<p><\/p>\n\n\n\n<figure class=\"wp-block-image\"><img decoding=\"async\" src=\"https:\/\/pointreef.de\/wp-content\/uploads\/2019\/06\/Marc_256.png\" alt=\"Team Pointreef Marc Fl\u00f6ren Gesch\u00e4ftsf\u00fchrerin\"\/><\/figure>\n\n\n\n<p>Marc Fl\u00f6ren<br>Co-Founder &amp; Managing Partner<br>+49 211 92 41 40 15<br>Head of\n<br>Laserscan &amp; Bestandsaufnahme | Vertrieb | IT<br>marc.floeren@pointreef.de<br>https:\/\/www.linkedin.com\/in\/floeren-marc<br>vertical<\/p>\n\n\n\n<p><\/p>\n\n\n\n<figure class=\"wp-block-image\"><img decoding=\"async\" src=\"https:\/\/pointreef.de\/wp-content\/uploads\/2019\/06\/Robert_256.png\" alt=\"Team Pointreef Robert Milost Gesch\u00e4ftsf\u00fchrerin\"\/><\/figure>\n\n\n\n<p>Robert Milost<br>Co-Founder &amp; Managing Partner<br>+49 211 92 41 40 15<br>Head of\n<br>Photogrammetrie &amp; Extended Reality (XR) | Marketing | Business Development<br>robert.milost@pointreef.de<br>https:\/\/de.linkedin.com\/in\/robert-milost-a83146107<br>vertical<\/p>\n\n\n\n<p>100<br>default<\/p>\n\n\n\n<p>Dr. Juan Pablo Bertuzzi<br>Projektmanager<br>+49 211 989 05 000<br>Projektmanager \/ Research &amp; Development<br>juanpablo.bertuzzi@pointreef.de<br>https:\/\/de.linkedin.com\/in\/jpbertuzzi<br>vertical<\/p>\n\n\n\n<p>Jessica Ledwon<br>XR-Entwicklung<br>vertical<\/p>\n\n\n\n<p>Mehmet Kaya<br>Architektur<br>vertical<\/p>\n\n\n\n<p>Liburna Kubiki<br>Architektur<br>vertical<\/p>\n\n\n\n<p>100<br>default<\/p>\n\n\n\n<p>150<br>default<br>narrow<\/p>\n\n\n\n<p><\/p>\n\n\n\n<h2 class=\"wp-block-heading\">Jobs &#8211; werde Teil des pointreefs<\/h2>\n\n\n\n<p>center<br>center<br>no-repeat;left top;;<br>auto<\/p>\n\n\n\n<p>100<br>default<\/p>\n\n\n\n<p>3D-Artist \/ Unity Entwickler &#8211; Praxissemester \/ Werkstudent (m\/w\/d): <\/p>\n\n\n\n<h6 class=\"wp-block-heading\">Dein Profil:<\/h6>\n\n\n\n<p>\u2022\tFortgeschrittenes Studium im Bereich Medientechnik, (Medien-)Informatik, Medien-Design o.\u00c4.\n<br>\u2022\tGute Kenntnisse in Unity 3D\n<br>\u2022\tGute Kenntnisse in 3D-Modellierung &amp; Texturierung (Blender \/ 3Ds MAX )\n<br>\u2022\tGute Programmierkenntnisse in C# \/ JavaScript\n<br>\u2022\tKenntnisse im Bereich Echtzeit 3D \/ VR \/ AR\n<br>\u2022\tGute Organisations- und Teamf\u00e4higkeit\n<br>\u2022\tGute Englisch-Kenntnisse\n<br><br><\/p>\n\n\n\n<h6 class=\"wp-block-heading\">Das kommt besonders gut an :<\/h6>\n\n\n\n<p>\u2022\terste Erfahrungen mit 3D-Scan\n<br>\u2022\tKenntnisse anderer Engines und oder Frameworks ( Unreal Engine, WebGL)\n<br>\u2022\tErfahrung mit Shader-Programmierung<\/p>\n\n\n\n<p>3D-CAD-Modellierer &#8211; Werkstudent \/ Studentische Aushilfe Architektur (m\/w\/d): <\/p>\n\n\n\n<h6 class=\"wp-block-heading\">Dein Profil:<\/h6>\n\n\n\n<p>\u2022\tFortgeschrittenes Studium im Bereich Architektur o.\u00c4.\n<br>\u2022\tInteresse an digitalen Prozessen und Arbeiten in 3D\n<br>\u2022\tKenntnisse in 3D-Architekturprogramm (vorzugsweise Revit)\n<br>\u2022\tGute Organisations- und Teamf\u00e4higkeit\n<br><br><\/p>\n\n\n\n<h6 class=\"wp-block-heading\">Das kommt besonders gut an :<\/h6>\n\n\n\n<p>\u2022\terste Erfahrungen mit Laserscan\n<br>\u2022\tErfahrung mit BIM\n<br>\u2022\tKenntnisse in mehreren Architekturprogrammen ( Archicad \/ Allplan \/ AutoCAD )\n<br>\u2022\tKenntnisse im Bereich Modellaustausch im IFC-Format<\/p>\n\n\n\n<p>BIM Manager &#8211; Teilzeit \/ Vollzeit (m\/w\/d): <\/p>\n\n\n\n<h6 class=\"wp-block-heading\">Dein Profil:<\/h6>\n\n\n\n<p>\u2022\tabgeschlossene Ausbildung als Bauzeichner \/ Techniker oder abgeschlossenes Studium des Bauingenieurwesens\/Architektur (FH\/Bachelor) oder eine vergleichbare Qualifikation.\n<br>\u2022\tErfahrung in der Planung von komplexen Bauvorhaben\n<br>\u2022\tErfahrung mit Bauen im Bestand\n<br>\u2022\tSicherer Umgang mit fachspezifischer Ingenieur- und Konstruktionssoftware\n<br>\u2022\tsehr gutes Projektmanagement, Organisationstalent und ausgepr\u00e4gte Beratungskompetenz\n<br>\u2022\tInteresse an innovativen Ideen und interdisziplin\u00e4ren BIM-Projekten\n<br>\u2022\tsehr gute Englisch-Kenntnisse\n<br><br><\/p>\n\n\n\n<h6 class=\"wp-block-heading\">Das kommt besonders gut an :<\/h6>\n\n\n\n<p>\u2022\tErfahrungen mit 3D-Laserscan Projekten\n<br>\u2022\tKenntnisse im Bereich Modellaustausch im IFC-Format<\/p>\n\n\n\n<p>Bauzeichner &#8211; Teilzeit \/ Vollzeit (m\/w\/d): <\/p>\n\n\n\n<h6 class=\"wp-block-heading\">Dein Profil:<\/h6>\n\n\n\n<p>\u2022\tabgeschlossene Ausbildung als Bauzeichner\n<br>\u2022\tInteresse an digitalen Prozessen und Arbeiten in 3D\n<br>\u2022\tKenntnisse in 3D-Architekturprogramm (vorzugsweise Revit)\n<br>\u2022\tGute Organisations- und Teamf\u00e4higkeit\n<br><br><\/p>\n\n\n\n<h6 class=\"wp-block-heading\">Das kommt besonders gut an :<\/h6>\n\n\n\n<p>\u2022\terste Erfahrungen mit Laserscan\n<br>\u2022\tErfahrung mit BIM\n<br>\u2022\tKenntnisse in mehreren Architekturprogrammen ( Archicad \/ Allplan \/ AutoCAD )\n<br>\u2022\tErfahrung mit Bauen im Bestand\n<br>\u2022\tKenntnisse im Bereich Modellaustausch im IFC-Format<\/p>\n\n\n\n<p>Vermesser &#8211; Teilzeit \/ Vollzeit \/ studentische Aushilfe (m\/w\/d): <\/p>\n\n\n\n<h6 class=\"wp-block-heading\">Dein Profil:<\/h6>\n\n\n\n<p>\u2022\tabgeschlossene Ausbildung als Vermesser oder fortgeschrittenes \/ abgeschlossenes Studium des Vermessungswesens \/ Geod\u00e4sie o.\u00c4.\n<br>\u2022\tErfahrung im Umgang mit verschiedenen 3D-Scantechniken\n<br>\u2022\tErfahrung in der Datenverarbeitung von 3D-Scandaten\n<br>\u2022\tInteresse an innovativen Ideen und interdisziplin\u00e4ren BIM-Projekten\n<br><br><\/p>\n\n\n\n<h6 class=\"wp-block-heading\">Das kommt besonders gut an :<\/h6>\n\n\n\n<p>\u2022\tErfahrung mit Drohnen\n<br>\u2022\tErfahrung mit verschiedenen Vermessungssystemen<\/p>\n\n\n\n<p>Freelancer \/ Initiativbewerbung (m\/w\/d): <\/p>\n\n\n\n<h6 class=\"wp-block-heading\">Dein Profil:<\/h6>\n\n\n\n<p>\u2022\tDu bist Freelancer oder hast nicht die passende Ausschreibung f\u00fcr dich gefunden, hast aber trotzdem Lust bei uns zu arbeiten ? \n<br>Keine Scheu, wir freuen uns immer \u00fcber innovative und inspirierende Bewerbungen und vielleicht f\u00fcllst du die L\u00fccke, der wir uns bis jetzt noch nicht bewusst waren \ud83d\ude09<\/p>\n\n\n\n<p>accordion<\/p>\n\n\n\n<p>100<br>default<\/p>\n\n\n\n<p><\/p>\n\n\n\n<h2 class=\"wp-block-heading\">Was wir dir bieten k\u00f6nnen<\/h2>\n\n\n\n<p>center<br>center<br>no-repeat;left top;;<br>auto<\/p>\n\n\n\n<p>default<\/p>\n\n\n\n<p>\u2022\tMitarbeit in einem Start-Up mit flachen Hierarchien\n<br>\u2022\tArbeiten in einem innovativen und digitalen Arbeitsumfeld\n<br>\u2022\tFlexible Arbeitszeiten\n<br>\u2022\tinternationales Team in folgenden Sprachen: Deutsch, Englisch, Spanisch, Franz\u00f6sisch, T\u00fcrkisch, Albanisch\n<br>\u2022\tMitentscheidungsgewalt &#8211; nicht nur beim gemeinsamen Koch-Dienstag\n<br>\u2022\teinen sonnigen S\u00fcdbalkon f\u00fcr entspannte kurze Pausen\n<br>\u2022\teinen angrenzenden Park f\u00fcr entspannte l\u00e4ngere Pausen\n<br>\u2022\tFreies Wasser, Kaffee, Cappucino, Tee, Mate, Limo und Bier\n<\/p>\n\n\n\n<p>left<br>left<br>no-repeat;left top;;<br>auto<\/p>\n\n\n\n<p>100<br>default<\/p>\n\n\n\n<p><\/p>\n\n\n\n<h3 class=\"wp-block-heading\">Bewerbungen<\/h3>\n\n\n\n<p>mit Anschreiben, Lebenslauf und Referenzen an <a href=\"mailto:bewerbung@pointreef.de\">bewerbung@pointreef.de<\/a><br>center<br>center<br>no-repeat;left top;;<br>auto<\/p>\n\n\n\n<p>Join now<br><a href=\"mailto:bewerbung@pointreef.de\">mailto:bewerbung@pointreef.de<\/a><br>center<br>icon-paper-plane-line<br>left<br>3<\/p>\n\n\n\n<p>100<br>default<\/p>\n\n\n\n<p><\/p>\n","protected":false},"excerpt":{"rendered":"<p>Das Team hinter pointreef: Unser Team ist so vielseitig wie unsere Leistungen. Software-Entwickler, Ingenieur, Architekt oder Game-Designer &#8211; bei uns laufen die F\u00e4den zusammen damit f\u00fcr Ihr Projekt am Ende das optimale Endprodukt herauskommt.<\/p>\n","protected":false},"author":2,"featured_media":1284,"parent":2289,"menu_order":0,"comment_status":"closed","ping_status":"closed","template":"","meta":{"content-type":"","footnotes":""},"class_list":["post-800","page","type-page","status-publish","has-post-thumbnail","hentry"],"translation":{"provider":"WPGlobus","version":"3.0.2","language":"en","enabled_languages":["de","en"],"languages":{"de":{"title":true,"content":true,"excerpt":true},"en":{"title":false,"content":false,"excerpt":false}}},"yoast_head":"<!-- This site is optimized with the Yoast SEO plugin v27.4 - https:\/\/yoast.com\/product\/yoast-seo-wordpress\/ -->\n<title>Team | pointreef<\/title>\n<meta name=\"robots\" content=\"index, follow, max-snippet:-1, max-image-preview:large, max-video-preview:-1\" \/>\n<link rel=\"canonical\" href=\"https:\/\/pointreef.de\/unternehmen\/team\/\" \/>\n<meta property=\"og:locale\" content=\"en_US\" \/>\n<meta property=\"og:type\" content=\"article\" \/>\n<meta property=\"og:title\" content=\"Team | pointreef\" \/>\n<meta property=\"og:url\" content=\"https:\/\/pointreef.de\/unternehmen\/team\/\" \/>\n<meta property=\"og:site_name\" content=\"pointreef\" \/>\n<meta property=\"article:publisher\" content=\"https:\/\/www.facebook.com\/pointreef\/\" \/>\n<meta property=\"article:modified_time\" content=\"2025-08-08T12:24:38+00:00\" \/>\n<meta property=\"og:image\" content=\"https:\/\/pointreef.de\/wp-content\/uploads\/2021\/10\/pointreef_team_2021_01_2400_kompr.jpg\" \/>\n\t<meta property=\"og:image:width\" content=\"2400\" \/>\n\t<meta property=\"og:image:height\" content=\"1601\" \/>\n\t<meta property=\"og:image:type\" content=\"image\/jpeg\" \/>\n<meta name=\"twitter:card\" content=\"summary_large_image\" \/>\n<meta name=\"twitter:site\" content=\"@pointreef3d\" \/>\n<meta name=\"twitter:label1\" content=\"Est. reading time\" \/>\n\t<meta name=\"twitter:data1\" content=\"4 minutes\" \/>\n<script type=\"application\/ld+json\" class=\"yoast-schema-graph\">{\"@context\":\"https:\\\/\\\/schema.org\",\"@graph\":[{\"@type\":\"WebPage\",\"@id\":\"https:\\\/\\\/pointreef.de\\\/unternehmen\\\/team\\\/\",\"url\":\"https:\\\/\\\/pointreef.de\\\/unternehmen\\\/team\\\/\",\"name\":\"Team | pointreef\",\"isPartOf\":{\"@id\":\"https:\\\/\\\/pointreef.de\\\/#website\"},\"primaryImageOfPage\":{\"@id\":\"https:\\\/\\\/pointreef.de\\\/unternehmen\\\/team\\\/#primaryimage\"},\"image\":{\"@id\":\"https:\\\/\\\/pointreef.de\\\/unternehmen\\\/team\\\/#primaryimage\"},\"thumbnailUrl\":\"https:\\\/\\\/pointreef.de\\\/wp-content\\\/uploads\\\/2021\\\/10\\\/pointreef_team_2021_01_2400_kompr.jpg\",\"datePublished\":\"2019-07-02T18:31:51+00:00\",\"dateModified\":\"2025-08-08T12:24:38+00:00\",\"breadcrumb\":{\"@id\":\"https:\\\/\\\/pointreef.de\\\/unternehmen\\\/team\\\/#breadcrumb\"},\"inLanguage\":\"en-US\",\"potentialAction\":[{\"@type\":\"ReadAction\",\"target\":[\"https:\\\/\\\/pointreef.de\\\/unternehmen\\\/team\\\/\"]}]},{\"@type\":\"ImageObject\",\"inLanguage\":\"en-US\",\"@id\":\"https:\\\/\\\/pointreef.de\\\/unternehmen\\\/team\\\/#primaryimage\",\"url\":\"https:\\\/\\\/pointreef.de\\\/wp-content\\\/uploads\\\/2021\\\/10\\\/pointreef_team_2021_01_2400_kompr.jpg\",\"contentUrl\":\"https:\\\/\\\/pointreef.de\\\/wp-content\\\/uploads\\\/2021\\\/10\\\/pointreef_team_2021_01_2400_kompr.jpg\",\"width\":2400,\"height\":1601},{\"@type\":\"BreadcrumbList\",\"@id\":\"https:\\\/\\\/pointreef.de\\\/unternehmen\\\/team\\\/#breadcrumb\",\"itemListElement\":[{\"@type\":\"ListItem\",\"position\":1,\"name\":\"Startseite\",\"item\":\"https:\\\/\\\/pointreef.de\\\/\"},{\"@type\":\"ListItem\",\"position\":2,\"name\":\"Unternehmen\",\"item\":\"https:\\\/\\\/pointreef.de\\\/unternehmen\\\/\"},{\"@type\":\"ListItem\",\"position\":3,\"name\":\"Team\"}]},{\"@type\":\"WebSite\",\"@id\":\"https:\\\/\\\/pointreef.de\\\/#website\",\"url\":\"https:\\\/\\\/pointreef.de\\\/\",\"name\":\"pointreef\",\"description\":\"3D Bestandsdokumentation f\u00fcr Digitale Zwillinge in Architektur, Industrie und Kultur\",\"publisher\":{\"@id\":\"https:\\\/\\\/pointreef.de\\\/#organization\"},\"potentialAction\":[{\"@type\":\"SearchAction\",\"target\":{\"@type\":\"EntryPoint\",\"urlTemplate\":\"https:\\\/\\\/pointreef.de\\\/?s={search_term_string}\"},\"query-input\":{\"@type\":\"PropertyValueSpecification\",\"valueRequired\":true,\"valueName\":\"search_term_string\"}}],\"inLanguage\":\"en-US\"},{\"@type\":\"Organization\",\"@id\":\"https:\\\/\\\/pointreef.de\\\/#organization\",\"name\":\"pointreef - Digital Reality\",\"alternateName\":\"pointreef GmbH\",\"url\":\"https:\\\/\\\/pointreef.de\\\/\",\"logo\":{\"@type\":\"ImageObject\",\"inLanguage\":\"en-US\",\"@id\":\"https:\\\/\\\/pointreef.de\\\/#\\\/schema\\\/logo\\\/image\\\/\",\"url\":\"https:\\\/\\\/pointreef.de\\\/wp-content\\\/uploads\\\/2019\\\/02\\\/cropped-Logo_Kreis_512.png\",\"contentUrl\":\"https:\\\/\\\/pointreef.de\\\/wp-content\\\/uploads\\\/2019\\\/02\\\/cropped-Logo_Kreis_512.png\",\"width\":512,\"height\":512,\"caption\":\"pointreef - Digital Reality\"},\"image\":{\"@id\":\"https:\\\/\\\/pointreef.de\\\/#\\\/schema\\\/logo\\\/image\\\/\"},\"sameAs\":[\"https:\\\/\\\/www.facebook.com\\\/pointreef\\\/\",\"https:\\\/\\\/x.com\\\/pointreef3d\",\"https:\\\/\\\/www.linkedin.com\\\/company\\\/pointreef\",\"https:\\\/\\\/www.instagram.com\\\/pointreef.3d\\\/\"]}]}<\/script>\n<!-- \/ Yoast SEO plugin. -->","yoast_head_json":{"title":"Team | pointreef","robots":{"index":"index","follow":"follow","max-snippet":"max-snippet:-1","max-image-preview":"max-image-preview:large","max-video-preview":"max-video-preview:-1"},"canonical":"https:\/\/pointreef.de\/unternehmen\/team\/","og_locale":"en_US","og_type":"article","og_title":"Team | pointreef","og_url":"https:\/\/pointreef.de\/unternehmen\/team\/","og_site_name":"pointreef","article_publisher":"https:\/\/www.facebook.com\/pointreef\/","article_modified_time":"2025-08-08T12:24:38+00:00","og_image":[{"width":2400,"height":1601,"url":"https:\/\/pointreef.de\/wp-content\/uploads\/2021\/10\/pointreef_team_2021_01_2400_kompr.jpg","type":"image\/jpeg"}],"twitter_card":"summary_large_image","twitter_site":"@pointreef3d","twitter_misc":{"Est. reading time":"4 minutes"},"schema":{"@context":"https:\/\/schema.org","@graph":[{"@type":"WebPage","@id":"https:\/\/pointreef.de\/unternehmen\/team\/","url":"https:\/\/pointreef.de\/unternehmen\/team\/","name":"Team | pointreef","isPartOf":{"@id":"https:\/\/pointreef.de\/#website"},"primaryImageOfPage":{"@id":"https:\/\/pointreef.de\/unternehmen\/team\/#primaryimage"},"image":{"@id":"https:\/\/pointreef.de\/unternehmen\/team\/#primaryimage"},"thumbnailUrl":"https:\/\/pointreef.de\/wp-content\/uploads\/2021\/10\/pointreef_team_2021_01_2400_kompr.jpg","datePublished":"2019-07-02T18:31:51+00:00","dateModified":"2025-08-08T12:24:38+00:00","breadcrumb":{"@id":"https:\/\/pointreef.de\/unternehmen\/team\/#breadcrumb"},"inLanguage":"en-US","potentialAction":[{"@type":"ReadAction","target":["https:\/\/pointreef.de\/unternehmen\/team\/"]}]},{"@type":"ImageObject","inLanguage":"en-US","@id":"https:\/\/pointreef.de\/unternehmen\/team\/#primaryimage","url":"https:\/\/pointreef.de\/wp-content\/uploads\/2021\/10\/pointreef_team_2021_01_2400_kompr.jpg","contentUrl":"https:\/\/pointreef.de\/wp-content\/uploads\/2021\/10\/pointreef_team_2021_01_2400_kompr.jpg","width":2400,"height":1601},{"@type":"BreadcrumbList","@id":"https:\/\/pointreef.de\/unternehmen\/team\/#breadcrumb","itemListElement":[{"@type":"ListItem","position":1,"name":"Startseite","item":"https:\/\/pointreef.de\/"},{"@type":"ListItem","position":2,"name":"Unternehmen","item":"https:\/\/pointreef.de\/unternehmen\/"},{"@type":"ListItem","position":3,"name":"Team"}]},{"@type":"WebSite","@id":"https:\/\/pointreef.de\/#website","url":"https:\/\/pointreef.de\/","name":"pointreef","description":"3D Bestandsdokumentation f\u00fcr Digitale Zwillinge in Architektur, Industrie und Kultur","publisher":{"@id":"https:\/\/pointreef.de\/#organization"},"potentialAction":[{"@type":"SearchAction","target":{"@type":"EntryPoint","urlTemplate":"https:\/\/pointreef.de\/?s={search_term_string}"},"query-input":{"@type":"PropertyValueSpecification","valueRequired":true,"valueName":"search_term_string"}}],"inLanguage":"en-US"},{"@type":"Organization","@id":"https:\/\/pointreef.de\/#organization","name":"pointreef - Digital Reality","alternateName":"pointreef GmbH","url":"https:\/\/pointreef.de\/","logo":{"@type":"ImageObject","inLanguage":"en-US","@id":"https:\/\/pointreef.de\/#\/schema\/logo\/image\/","url":"https:\/\/pointreef.de\/wp-content\/uploads\/2019\/02\/cropped-Logo_Kreis_512.png","contentUrl":"https:\/\/pointreef.de\/wp-content\/uploads\/2019\/02\/cropped-Logo_Kreis_512.png","width":512,"height":512,"caption":"pointreef - Digital Reality"},"image":{"@id":"https:\/\/pointreef.de\/#\/schema\/logo\/image\/"},"sameAs":["https:\/\/www.facebook.com\/pointreef\/","https:\/\/x.com\/pointreef3d","https:\/\/www.linkedin.com\/company\/pointreef","https:\/\/www.instagram.com\/pointreef.3d\/"]}]}},"_links":{"self":[{"href":"https:\/\/pointreef.de\/en\/wp-json\/wp\/v2\/pages\/800","targetHints":{"allow":["GET"]}}],"collection":[{"href":"https:\/\/pointreef.de\/en\/wp-json\/wp\/v2\/pages"}],"about":[{"href":"https:\/\/pointreef.de\/en\/wp-json\/wp\/v2\/types\/page"}],"author":[{"embeddable":true,"href":"https:\/\/pointreef.de\/en\/wp-json\/wp\/v2\/users\/2"}],"replies":[{"embeddable":true,"href":"https:\/\/pointreef.de\/en\/wp-json\/wp\/v2\/comments?post=800"}],"version-history":[{"count":6,"href":"https:\/\/pointreef.de\/en\/wp-json\/wp\/v2\/pages\/800\/revisions"}],"predecessor-version":[{"id":2112,"href":"https:\/\/pointreef.de\/en\/wp-json\/wp\/v2\/pages\/800\/revisions\/2112"}],"up":[{"embeddable":true,"href":"https:\/\/pointreef.de\/en\/wp-json\/wp\/v2\/pages\/2289"}],"wp:featuredmedia":[{"embeddable":true,"href":"https:\/\/pointreef.de\/en\/wp-json\/wp\/v2\/media\/1284"}],"wp:attachment":[{"href":"https:\/\/pointreef.de\/en\/wp-json\/wp\/v2\/media?parent=800"}],"curies":[{"name":"wp","href":"https:\/\/api.w.org\/{rel}","templated":true}]}}